{"id":1338,"date":"2025-05-13T03:32:52","date_gmt":"2025-05-13T03:32:52","guid":{"rendered":"https:\/\/rosainglada.com\/?page_id=1338"},"modified":"2025-05-13T03:37:59","modified_gmt":"2025-05-13T03:37:59","slug":"politica-de-cookies","status":"publish","type":"page","link":"https:\/\/rosainglada.com\/index.php\/politica-de-cookies\/","title":{"rendered":"Pol\u00edtica de cookies"},"content":{"rendered":"\t\t<div data-elementor-type=\"wp-page\" data-elementor-id=\"1338\" class=\"elementor elementor-1338\" data-elementor-post-type=\"page\">\n\t\t\t\t<div data-particle_enable=\"false\" data-particle-mobile-disabled=\"false\" class=\"elementor-element elementor-element-47035fdc e-flex e-con-boxed e-con e-parent\" data-id=\"47035fdc\" data-element_type=\"container\" data-settings=\"{&quot;ekit_has_onepagescroll_dot&quot;:&quot;yes&quot;}\">\n\t\t\t\t\t<div class=\"e-con-inner\">\n\t\t\t\t<div class=\"elementor-element elementor-element-72cdf9f3 elementor-widget elementor-widget-text-editor\" data-id=\"72cdf9f3\" data-element_type=\"widget\" data-settings=\"{&quot;ekit_we_effect_on&quot;:&quot;none&quot;}\" data-widget_type=\"text-editor.default\">\n\t\t\t\t\t\t<div class=\"elementor-widget-container\">\n\t\t\t\t\t\t\t\t\t<h3><strong>POL\u00cdTICA DE COOKIES<\/strong><\/h3><h3><b>T\u00c9RMINOS Y CONDICIONES<\/b><\/h3><h3><b>USO Y APLICACI\u00d3N<\/b><\/h3><p>Los presentes t\u00e9rminos y condiciones aplican tanto para la p\u00e1gina principal de\u00a0tudominio.com\u00a0como para aquellas otras que hayan sido creadas por\u00a0<b>ROSA INGLADA<\/b>\u00a0e indiquen de manera expresa e inequ\u00edvoca que forman parte integrante de este sitio web.<\/p><h3><b>USUARIOS<\/b><\/h3><p>Se entender\u00e1 por usuario a toda aquella persona que navegue por el sitio web, accediendo a cualquiera de sus p\u00e1ginas o secciones, bastando con el simple acceso y\/o uso de este sitio web, aceptando desde dicho acceso y\/o uso, los t\u00e9rminos y condiciones aqu\u00ed reflejados.\u00a0<\/p><p>En caso de que el usuario desee contratar alguno de los servicios ofrecidos en el sitio web, se aplicar\u00e1n tambi\u00e9n las pol\u00edticas de contrataci\u00f3n, las cuales ser\u00e1n de obligatorio cumplimiento.<\/p><h3><b>FORMAS DE CONTACTO<\/b><\/h3><p>Si un usuario deseara contactar a\u00a0<strong>ROSA INGLADA<\/strong> podr\u00e1 enviar un correo electr\u00f3nico a la direcci\u00f3n correo electr\u00f3nico. De igual forma podr\u00e1n contactar a <strong>ROSA INGLADA<\/strong> a trav\u00e9s de rosa@rosainglada.com<\/p><h3><b>USO DEL SITIO WEB<\/b><\/h3><p>Toda la informaci\u00f3n gr\u00e1fica, textual, de multimedia, fotograf\u00edas, im\u00e1genes, videos, o cualquier otro formato de archivo digital que se encuentran en el sitio web, entendidos de aqu\u00ed en adelante como \u201clos contenidos\u201d, le pertenecen a <strong>ROSA INGLADA<\/strong><strong>\u00a0<\/strong>y est\u00e1 protegido por las leyes de derecho de autor a nivel nacional e internacional.<\/p><p>El usuario asume la responsabilidad del uso del sitio web, no pudiendo emplearlos para:<\/p><ol><li aria-level=\"1\">Realizar actividades il\u00edcitas, ilegales o contrarias a la moral, buenas costumbres, buena fe y al orden p\u00fablico;<\/li><li aria-level=\"1\">Realizar comentarios o difundir contenidos o propaganda de car\u00e1cter racista, xen\u00f3fobo, pornogr\u00e1fico, de apolog\u00eda del terrorismo, que atente contra los derechos humanos o civiles en general;\u00a0<\/li><li aria-level=\"1\">Provocar da\u00f1os en la persona f\u00edsica, intelectual o moral de <strong>ROSA INGLADA<\/strong>, de sus proveedores o de terceras personas;\u00a0<\/li><li aria-level=\"1\">Introducir o difundir en la red virus inform\u00e1ticos o cualesquiera otros sistemas f\u00edsicos o l\u00f3gicos que sean susceptibles de provocar los da\u00f1os anteriormente mencionados;\u00a0<\/li><li aria-level=\"1\">Intentar acceder y\/o utilizar las cuentas de correo electr\u00f3nico de otros usuarios y modificarlos o manipular sus mensajes.<\/li><\/ol><p><strong>ROSA INGLADA<\/strong> se reserva el derecho de retirar todos aquellos comentarios que vulneren el respeto a la dignidad de la persona, que sean discriminatorios, xen\u00f3fobos, racistas, pornogr\u00e1ficos, que atenten contra la juventud o la infancia, el orden o la seguridad p\u00fablica o que, a su juicio, no resultaran adecuados para su publicaci\u00f3n. En cualquier caso, <strong>ROSA INGLADA<\/strong>\u00a0no ser\u00e1 responsable de las opiniones dadas por los usuarios en cualquier herramienta de opini\u00f3n que contenga el sitio web.<\/p><h3><b>PROPIEDAD INTELECTUAL<\/b><\/h3><p><strong>ROSA INGLADA<\/strong> es el titular de todos los derechos de propiedad intelectual e industrial del sitio web, as\u00ed como de los elementos contenidos en la misma, los cuales, a t\u00edtulo enunciativo, pero no limitativo, son: im\u00e1genes, sonido, fotograf\u00edas, audio, v\u00eddeo, software, textos, marcas, logotipos, combinaciones de colores, estructura,\u00a0 dise\u00f1o, selecci\u00f3n de materiales usados, programas necesarios para su funcionamiento, acceso y uso, quedando expresamente prohibida la reproducci\u00f3n, distribuci\u00f3n y comunicaci\u00f3n p\u00fablica, incluida su modalidad de puesta a disposici\u00f3n, de la totalidad o parte de los contenidos del sitio web, en cualquier soporte y por cualquier medio t\u00e9cnico, con o sin fines comerciales sin la autorizaci\u00f3n de <strong>ROSA INGLADA<\/strong><\/p><p>El usuario se compromete a respetar los derechos de autor titularidad de <strong>ROSA INGLADA<\/strong>, podr\u00e1 en consecuencia visualizar, imprimir, almacenar en un dispositivo electr\u00f3nico o virtual, pero \u00fanica y exclusivamente para su uso personal y privado, no pudiendo en ning\u00fan momento distribuirlos, reproducirlos, onerosa o gratuitamente, a terceros ni realizar transformaci\u00f3n alguna de los mismos. En todo caso, deber\u00e1 siempre hacer menci\u00f3n a la autor\u00eda de <strong>ROSA INGLADA<\/strong>\u00a0y al sitio web cuando decida compartir en cualquier red social alguno de los contenidos, no pudiendo en ning\u00fan momento modificar, total o parcialmente, cualquiera de los contenidos.<\/p><p>No se podr\u00e1 compartir ning\u00fan extracto de un curso, libro, entrada del blog o de cualquier parte del sitio web, ya sea incluso una menci\u00f3n a terceros.<\/p><h3><b>MEDIDAS TECNOL\u00d3GICAS:<\/b><\/h3><p><strong>ROSA INGLADA<\/strong> ha adoptado todas las medidas tecnol\u00f3gicas, necesarias en el sitio web, para evitar da\u00f1os y perjuicios de cualquier naturaleza que pudieran ocasionar, a t\u00edtulo enunciativo: errores u omisiones en los contenidos, falta de disponibilidad del sitio web o la transmisi\u00f3n de virus o programas maliciosos o lesivos en los contenidos o en los datos de los usuarios, y no se hace responsable si en alg\u00fan momento una de estas medidas falla como consecuencia de un uso indebido y\/o abusivo por parte de un tercero.\u00a0<\/p><p>El usuario deber\u00e1 en todo momento abstenerse de suprimir, alterar, eludir o manipular cualquier dispositivo de protecci\u00f3n o sistema de seguridad que estuviera instalado en el sitio web.<\/p><h3><b>MODIFICACIONES<\/b><\/h3><p><strong>ROSA INGLADA<\/strong> se reserva el derecho de efectuar, sin previo aviso, las modificaciones que considere oportunas en el sitio web, pudiendo cambiar, suprimir o a\u00f1adir tanto los contenidos y servicios que se presten a trav\u00e9s de la misma, como la forma en la que \u00e9stos aparezcan presentados o localizados, as\u00ed como el dise\u00f1o y estructura del mismo.<\/p><h3><b>ENLACES<\/b><\/h3><p><strong>ROSA INGLADA<\/strong> no tiene control alguno sobre los enlaces y\/o contenidos externos que puedan existir en el sitio web, por lo que no se hace responsable por los mismos, ni garantizar\u00e1 la disponibilidad t\u00e9cnica, calidad, fiabilidad, exactitud, amplitud, veracidad o validez de cualquier material o informaci\u00f3n all\u00ed contenida, y no ser\u00e1n entendidos estos enlaces externos como una posible asociaci\u00f3n, fusi\u00f3n, colaboraci\u00f3n o participaci\u00f3n con el titular y\/o responsable del dominio web al cual est\u00e9n asociados.<\/p><h3><b>DERECHO DE EXCLUSI\u00d3N<\/b><\/h3><p><strong>ROSA INGLADA<\/strong> se reserva el derecho a denegar o retirar el acceso al sitio web y\/o los servicios ofrecidos sin necesidad de preaviso, a instancia propia o de un tercero, a aquellos usuarios que incumplan los presentes t\u00e9rminos y condiciones.<\/p><h3><b>GARANT\u00cdA DE RESULTADOS<\/b><\/h3><p><strong>ROSA INGLADA<\/strong> no se har\u00e1 responsable por el \u00e9xito o fracaso de los usuarios en la aplicaci\u00f3n de la informaci\u00f3n que reciban del sitio web o de los servicios que ofrece <strong>ROSA INGLADA<\/strong>. El usuario ser\u00e1 el \u00fanico responsable por la aplicaci\u00f3n de lo aprendido con el material suministrado por <strong>ROSA INGLADA<\/strong><\/p><p>\u00a0Los contenidos que se suministran, se imparten de manera informativa, no queriendo en ning\u00fan momento <strong>ROSA INGLADA <\/strong>sustituir alguna asesor\u00eda profesional personalizada que el usuario, cliente o participante requiera en un tema determinado, y no se har\u00e1 responsable por los problemas que pueda tener \u00e9ste por un uso, correcto o no, de la informaci\u00f3n suministrada o por no tomar en cuenta problemas de salud, ideol\u00f3gicos, econ\u00f3micos o de cualquier otra \u00edndole que pudieran ser afectados por el contenido que se encuentre en de forma gratuita o no expuesto dentro del sitio web.<\/p><h3><b>RESOLUCI\u00d3N DE LITIGIOS ONLINE<\/b><\/h3><p>El usuario o el cliente podr\u00e1 escribir a\u00a0tu email\u00a0para resolver cualquier problema que tenga con el sitio web o con el servicio prestado.<\/p><p>Tambi\u00e9n podr\u00e1 utilizar la plataforma europea de Resoluci\u00f3n de Litigios en L\u00ednea\u00a0<a href=\"http:\/\/ec.europa.eu\/consumers\/odr\">aqu\u00ed<\/a><\/p><h3><b>MODIFICACI\u00d3N DEL PRESENTE AVISO LEGAL Y DURACI\u00d3N<\/b><\/h3><p><strong>ROSA INGLADA<\/strong> podr\u00e1 modificar, en cualquier momento, los t\u00e9rminos y condiciones aqu\u00ed expuestos, sin previo aviso y estar\u00e1n vigentes mientras se encuentren debidamente publicadas.<\/p><h3><b>ACCIONES LEGALES<\/b><\/h3><p><strong>ROSA INGLADA <\/strong>puede, en cualquier momento, ejercer acciones legales de car\u00e1cter civil o penal, contra cualquier persona que realice un uso indebido del contenido expuesto en el sitio web, o por incumplir con estos t\u00e9rminos y condiciones. Se aplicar\u00e1 en todo momento la legislaci\u00f3n del territorio de Espa\u00f1a y en caso de alg\u00fan conflicto, las partes se someter\u00e1n a la jurisdicci\u00f3n de tu ciudad, tu pa\u00eds, por ser el domicilio del titular del sitio web, salvo que un fuero especial de determinado por alguna ley o convenio particular.<\/p><p><!-- \/wp:paragraph --><\/p>\t\t\t\t\t\t\t\t<\/div>\n\t\t\t\t<\/div>\n\t\t\t\t\t<\/div>\n\t\t\t\t<\/div>\n\t\t\t\t<\/div>\n\t\t","protected":false},"excerpt":{"rendered":"<p>POL\u00cdTICA DE COOKIES T\u00c9RMINOS Y CONDICIONES USO Y APLICACI\u00d3N Los presentes t\u00e9rminos y condiciones aplican tanto para la p\u00e1gina principal [&hellip;]<\/p>\n","protected":false},"author":1,"featured_media":0,"parent":0,"menu_order":0,"comment_status":"closed","ping_status":"closed","template":"elementor_header_footer","meta":{"_eb_attr":"","_eb_data_table":"","site-sidebar-layout":"default","site-content-layout":"","ast-site-content-layout":"","site-content-style":"default","site-sidebar-style":"default","ast-global-header-display":"","ast-banner-title-visibility":"","ast-main-header-display":"","ast-hfb-above-header-display":"","ast-hfb-below-header-display":"","ast-hfb-mobile-header-display":"","site-post-title":"","ast-breadcrumbs-content":"","ast-featured-img":"","footer-sml-layout":"","theme-transparent-header-meta":"","adv-header-id-meta":"","stick-header-meta":"","header-above-stick-meta":"","header-main-stick-meta":"","header-below-stick-meta":"","astra-migrate-meta-layouts":"default","ast-page-background-enabled":"default","ast-page-background-meta":{"desktop":{"background-color":"var(--ast-global-color-5)","background-image":"","background-repeat":"repeat","background-position":"center center","background-size":"auto","background-attachment":"scroll","background-type":"","background-media":"","overlay-type":"","overlay-color":"","overlay-opacity":"","overlay-gradient":""},"tablet":{"background-color":"","background-image":"","background-repeat":"repeat","background-position":"center center","background-size":"auto","background-attachment":"scroll","background-type":"","background-media":"","overlay-type":"","overlay-color":"","overlay-opacity":"","overlay-gradient":""},"mobile":{"background-color":"","background-image":"","background-repeat":"repeat","background-position":"center center","background-size":"auto","background-attachment":"scroll","background-type":"","background-media":"","overlay-type":"","overlay-color":"","overlay-opacity":"","overlay-gradient":""}},"ast-content-background-meta":{"desktop":{"background-color":"var(--ast-global-color-4)","background-image":"","background-repeat":"repeat","background-position":"center center","background-size":"auto","background-attachment":"scroll","background-type":"","background-media":"","overlay-type":"","overlay-color":"","overlay-opacity":"","overlay-gradient":""},"tablet":{"background-color":"var(--ast-global-color-4)","background-image":"","background-repeat":"repeat","background-position":"center center","background-size":"auto","background-attachment":"scroll","background-type":"","background-media":"","overlay-type":"","overlay-color":"","overlay-opacity":"","overlay-gradient":""},"mobile":{"background-color":"var(--ast-global-color-4)","background-image":"","background-repeat":"repeat","background-position":"center center","background-size":"auto","background-attachment":"scroll","background-type":"","background-media":"","overlay-type":"","overlay-color":"","overlay-opacity":"","overlay-gradient":""}},"_glsr_average":0,"_glsr_ranking":0,"_glsr_reviews":0,"_joinchat":[],"footnotes":""},"class_list":["post-1338","page","type-page","status-publish","hentry"],"_links":{"self":[{"href":"https:\/\/rosainglada.com\/index.php\/wp-json\/wp\/v2\/pages\/1338","targetHints":{"allow":["GET"]}}],"collection":[{"href":"https:\/\/rosainglada.com\/index.php\/wp-json\/wp\/v2\/pages"}],"about":[{"href":"https:\/\/rosainglada.com\/index.php\/wp-json\/wp\/v2\/types\/page"}],"author":[{"embeddable":true,"href":"https:\/\/rosainglada.com\/index.php\/wp-json\/wp\/v2\/users\/1"}],"replies":[{"embeddable":true,"href":"https:\/\/rosainglada.com\/index.php\/wp-json\/wp\/v2\/comments?post=1338"}],"version-history":[{"count":4,"href":"https:\/\/rosainglada.com\/index.php\/wp-json\/wp\/v2\/pages\/1338\/revisions"}],"predecessor-version":[{"id":1342,"href":"https:\/\/rosainglada.com\/index.php\/wp-json\/wp\/v2\/pages\/1338\/revisions\/1342"}],"wp:attachment":[{"href":"https:\/\/rosainglada.com\/index.php\/wp-json\/wp\/v2\/media?parent=1338"}],"curies":[{"name":"wp","href":"https:\/\/api.w.org\/{rel}","templated":true}]}}