{"id":1329,"date":"2025-05-13T03:24:02","date_gmt":"2025-05-13T03:24:02","guid":{"rendered":"https:\/\/rosainglada.com\/?page_id=1329"},"modified":"2025-05-13T03:29:44","modified_gmt":"2025-05-13T03:29:44","slug":"aviso-legal","status":"publish","type":"page","link":"https:\/\/rosainglada.com\/index.php\/aviso-legal\/","title":{"rendered":"Aviso Legal"},"content":{"rendered":"\t\t<div data-elementor-type=\"wp-page\" data-elementor-id=\"1329\" class=\"elementor elementor-1329\" data-elementor-post-type=\"page\">\n\t\t\t\t<div data-particle_enable=\"false\" data-particle-mobile-disabled=\"false\" class=\"elementor-element elementor-element-47035fdc e-flex e-con-boxed e-con e-parent\" data-id=\"47035fdc\" data-element_type=\"container\" data-settings=\"{&quot;ekit_has_onepagescroll_dot&quot;:&quot;yes&quot;}\">\n\t\t\t\t\t<div class=\"e-con-inner\">\n\t\t\t\t<div class=\"elementor-element elementor-element-72cdf9f3 elementor-widget elementor-widget-text-editor\" data-id=\"72cdf9f3\" data-element_type=\"widget\" data-settings=\"{&quot;ekit_we_effect_on&quot;:&quot;none&quot;}\" data-widget_type=\"text-editor.default\">\n\t\t\t\t\t\t<div class=\"elementor-widget-container\">\n\t\t\t\t\t\t\t\t\t<h2>AVISO LEGAL<\/h2>\n<h3>1. Informaci\u00f3n legal<\/h3>\n<p>En cumplimiento del deber de informaci\u00f3n establecido en el art\u00edculo 10 de la Ley 34\/2002, de 11 de julio, de Servicios de la Sociedad de la Informaci\u00f3n y de Comercio Electr\u00f3nico (en adelante, LSSICE), te comunico que www.rosainglada.com es un dominio del que soy titular.<\/p>\n<p>Mis datos identificativos y de contacto como titular del Portal Web son los siguientes:<\/p>\n<ul>\n<li>Titular: Rosa Inglada Guasch<\/li>\n<li>Direcci\u00f3n postal: Calle Xartell 25, 08800 Vilanova i la Geltr\u00fa \u2013 Barcelona<\/li>\n<li>CIF: 39695256Q<\/li>\n<li>Direcci\u00f3n de correo electr\u00f3nico: rosa@rosainglada.com<\/li>\n<li>Tel\u00e9fono: 635033274<\/li>\n<\/ul>\n<h3>2. Objeto y \u00e1mbito de aplicaci\u00f3n<\/h3>\n<p>2.1.- Mediante este Aviso Legal se establecen las condiciones generales de uso que regulan el acceso, navegaci\u00f3n y uso de la p\u00e1gina web www.rosainglada.com (en adelante, SITIO WEB), as\u00ed como las responsabilidades derivadas de la utilizaci\u00f3n de sus contenidos. Adicionalmente, la contrataci\u00f3n online de los servicios ofertados a trav\u00e9s del SITIO WEB quedar\u00e1 asimismo sometida a las condiciones generales de contrataci\u00f3n disponibles en el mismo y, en su caso, a las condiciones particulares que pudieran establecerse y que sustituyan, complementen y\/o modifiquen las condiciones generales de uso de este Aviso Legal.2.2.- Este SITIO WEB es un servicio que pongo a disposici\u00f3n de los usuarios de Internet con finalidad informativa acerca de mis servicios y actividades,as\u00ed como para posibilitar la contrataci\u00f3n online de mis servicios y establecer un canal de comunicaci\u00f3n con las personas interesadas. En cualquier momento puedo introducir modificaciones en el dise\u00f1o, configuraci\u00f3n y contenidos del SITIO WEB.2.3.- El acceso y uso de este SITIO WEB atribuye al visitante la condici\u00f3n de usuario (en adelante, USUARIO) e implica su aceptaci\u00f3n de forma plena y sin reservas, desde dicho acceso y\/o uso, de todas y cada una de las condiciones de uso que se incluyan en este Aviso Legal, en la versi\u00f3n publicada en el momento en que acceda al mismo. En este sentido, se entender\u00e1 por USUARIO a la persona que acceda, navegue, utilice o participe en los servicios y actividades desarrolladas en el SITIO WEB.<\/p>\n<p>2.4.- El USUARIO se obliga a hacer un uso correcto del SITIO WEB, de conformidad con las leyes aplicables, la buena fe, el orden p\u00fablico, los usos del tr\u00e1fico y el presente Aviso Legal, respondiendo frente a m\u00ed y frente a terceros de cualesquiera da\u00f1os y perjuicios que pudieran causarse como consecuencia del incumplimiento de dicha obligaci\u00f3n.<\/p>\n<h3>3. Acceso y utilizaci\u00f3n del Sitio Web<\/h3>\n<p>3.1.- El acceso a este SITIO WEB es libre y gratuito, salvo en lo relativo al coste de conexi\u00f3n de la red de telecomunicaciones suministrada por el operador contratado por cada USUARIO.3.2.- El USUARIO asume la responsabilidad del uso del SITIO WEB. Dicha responsabilidad se extiende al uso de credenciales que, en su caso, fuese necesario para acceder a determinados servicios o contenidos. El USUARIO se compromete a hacer un uso adecuado, diligente y l\u00edcito delos contenidos y servicios que ofrezco a trav\u00e9s del SITIO WEB, lo que conlleva, con car\u00e1cter enunciativo pero no limitativo, no emplearlos para:<\/p>\n<ul>\n<li>Utilizar identidades falsas, o suplantar la identidad de otros usuarios en la utilizaci\u00f3n del SITIO WEB o de sus servicios.<\/li>\n<li>Difundir contenidos o propaganda de car\u00e1cter racista, xen\u00f3fobo,pornogr\u00e1fico, de apolog\u00eda del terrorismo o atentatorio contra los derechos humanos.<\/li>\n<li>Provocar da\u00f1os en mis sistemas f\u00edsicos y l\u00f3gicos, de mis proveedor eso de terceras personas, introducir en la red virus inform\u00e1ticos o cualesquiera otros sistemas f\u00edsicos y l\u00f3gicos que sean susceptibles de provocar los citados da\u00f1os.<\/li>\n<li>Intentar acceder y, en su caso, utilizar las cuentas de correo electr\u00f3nico de otros usuarios y modificar o manipular sus mensajes.<\/li>\n<li>Reproducir, copiar, distribuir, poner a disposici\u00f3n o de cualquier otra forma comunicar p\u00fablicamente, transformar o modificar los contenidos del SITIO WEB, con fines comerciales, en cualquier soporte y por cualquier medio t\u00e9cnico, sin la autorizaci\u00f3n previa y expresa del titular de los correspondientes derechos.<\/li>\n<li>Introducir o incorporar como una actividad empresarial o profesional propia los contenidos y\/o servicios presentados en este SITIO WEB.<\/li>\n<li>Vulnerar cualesquiera derechos de propiedad intelectual o industrial derivados de los contenidos del SITIO WEB.<\/li>\n<li>Utilizar este SITIO WEB, o los contenidos y\/o servicios en el obtenidos,para incurrir en actividades contrarias a la ley, a la buena fe o al orden p\u00fablico.<\/li>\n<\/ul>\n<p>3.3.- Me reservo el derecho a interrumpir en cualquier momento y sin previoaviso el acceso al SITIO WEB, as\u00ed como a interrumpir la prestaci\u00f3n decualquiera o de todos los servicios que se prestan a trav\u00e9s de este, ya seapor motivos t\u00e9cnicos, de seguridad, o por cualquier otra causa.<\/p>\n<h3>4. Protecci\u00f3n de datos personales<\/h3>\n<p>4.1.- Me comprometo al tratamiento de los datos personales de manera respetuosa con los derechos de sus titulares, y de conformidad con la normativa de protecci\u00f3n de datos que se encuentre en vigor en cada momento.<\/p>\n<p>4.2.- En cada formulario de recogida de datos existente en el SITIO WEB se pone a disposici\u00f3n permanente del USUARIO una informaci\u00f3n b\u00e1sica de protecci\u00f3n de datos, relativa a la identificaci\u00f3n del responsable del tratamiento, los fines del tratamiento y los derechos susceptibles de ejercicio por el interesado, as\u00ed como un enlace a informaci\u00f3n adicional y detallada de protecci\u00f3n de datos incluida en la pol\u00edtica de privacidad del SITIO WEB.La aceptaci\u00f3n expresa por el USUARIO de la pol\u00edtica de privacidad mediante el marcado de la correspondiente casilla, ser\u00e1 necesaria para que se tenga por cumplimentado el formulario y poder completar el proceso de env\u00edo. El contenido de dicha pol\u00edtica de privacidad podr\u00e1 ser objeto de modificaci\u00f3n para adaptarlo a cambios legislativos que puedan producirse, as\u00ed como a criterios y posiciones emitidas por las autoridades de control.<\/p>\n<p>4.3.- En caso de que el USUARIO cumplimente voluntariamente cualquiera de los formularios online de recogida de datos disponibles en el SITIO WEB,se compromete a proporcionar datos exactos y veraces, as\u00ed como a comunicarme cualquier modificaci\u00f3n de estos. Salvo en caso de indicarse expresamente lo contrario, los datos solicitados en los formularios disponibles son necesarios para poder dar curso a su solicitud.<\/p>\n<p>4.4.- Si un USUARIO facilitara datos personales de terceros, se obliga a cumplir, en relaci\u00f3n con dicha comunicaci\u00f3n, cuantas obligaciones deriven de la normativa de protecci\u00f3n de datos en vigor, y en particular los deberes de licitud del tratamiento y el deber de transparencia respecto del titular delos datos personales con relaci\u00f3n a la comunicaci\u00f3n de estos a m\u00ed, exoner\u00e1ndome y manteni\u00e9ndome indemne de cualquier responsabilidad.<\/p>\n<p>4.5.- No se permite que los menores de 14 a\u00f1os faciliten sus datos personales a trav\u00e9s del SITIO WEB, siendo necesaria la previa autorizaci\u00f3n expresa de sus padres o tutores. En todo caso, este SITIO WEB no se dirige amenores de edad.<\/p>\n<h3>5. Propiedad intelectual e industrial<\/h3>\n<p>5.1.- Soy titular, por m\u00ed o como cesionaria, de todos los derechos de propiedad intelectual e industrial de este SITIO WEB, as\u00ed como de los elementos contenidos en el mismo (a t\u00edtulo enunciativo, im\u00e1genes, sonido,audio, v\u00eddeo, software o textos; marcas o logotipos, combinaciones decolores, estructura y dise\u00f1o, selecci\u00f3n de materiales usados, programas de ordenador necesarios para su funcionamiento, acceso y uso, etc.),titularidad m\u00eda o de mis licenciantes. Todos los derechos reservados.<\/p>\n<p>5.2.- Quedan expresamente prohibidas la reproducci\u00f3n, la distribuci\u00f3n, la transformaci\u00f3n y la comunicaci\u00f3n p\u00fablica, incluida su modalidad de puesta a disposici\u00f3n, de la totalidad o parte de los contenidos del SITIO WEB confines comerciales, en cualquier soporte y por cualquier medio t\u00e9cnico, sin mi autorizaci\u00f3n previa y expresa.<\/p>\n<p>5.3.- El USUARIO se compromete a respetar los derechos de propiedad intelectual e industrial de mi titularidad y\/o de terceros. Podr\u00e1 visualizar los elementos del SITIO WEB e incluso imprimirlos, copiarlos y almacenarlos en el disco duro de su ordenador o en cualquier otro soporte f\u00edsico, siempre y cuando sea, \u00fanica y exclusivamente, para su uso personal y privado. El USUARIO deber\u00e1 abstenerse de suprimir, alterar, eludir o manipular cualquier dispositivo de protecci\u00f3n o sistema de seguridad que estuviera instalado en el SITIO WEB.<\/p>\n<h3>6. Exclusi\u00f3n de garant\u00edas y responsabilidad<\/h3>\n<p>6.1.- El contenido de este SITIO WEB tiene, entre otras, finalidad informativa, de contrataci\u00f3n de servicios y de creaci\u00f3n de un canal de comunicaci\u00f3n con los USUARIOS, sin que sus contenidos puedan considerarse como asesoramiento exhaustivo sobre cualesquiera materias.No garantizo plenamente el acceso a todos los contenidos, ni su exhaustividad, correcci\u00f3n, vigencia o actualidad, ni su idoneidad o utilidad para un objetivo espec\u00edfico. Igualmente, excluyo, hasta donde permita la ley, cualquier responsabilidad por los da\u00f1os y perjuicios de toda naturaleza derivados de, a t\u00edtulo enunciativo y no limitativo: errores u omisiones en los contenidos, falta de disponibilidad del SITIO WEB o la transmisi\u00f3n de virus o programas maliciosos o lesivos en los contenidos. No obstante, informo deque he adoptado medidas t\u00e9cnicas, dentro de mis posibilidades y del estado de la tecnolog\u00eda, para garantizar el funcionamiento del SITIO WEB y evitar la existencia y transmisi\u00f3n de virus y dem\u00e1s componentes da\u00f1inos a los USUARIOS.<\/p>\n<p>6.2.- No me hago responsable por la utilizaci\u00f3n que el USUARIO realice de los servicios y contenidos del SITIO WEB, ni de las opiniones vertidas por los USUARIOS a trav\u00e9s de los foros, blogs u otras herramientas de participaci\u00f3n disponibles. El USUARIO reconoce y acepta que la utilizaci\u00f3n del SITIO WEB, as\u00ed como de sus servicios y contenidos, se realiza bajo su exclusivo riesgo y responsabilidad.<\/p>\n<p>6.3.- El USUARIO ser\u00e1 \u00fanico responsable de las aportaciones y comentarios que realice en este SITIO WEB, en especial a trav\u00e9s de su blog y dem\u00e1s herramientas de participaci\u00f3n, reserv\u00e1ndome el derecho a retirar del mismo aquellos que, a mi criterio, considere no apropiados para su publicaci\u00f3n.<\/p>\n<h3>7. Enlaces<\/h3>\n<p>7.1.- En el caso de que en el SITIO WEB se dispusiesen enlaces o hiperv\u00ednculos hacia otros sitios de Internet, no ejercer\u00e9 ning\u00fan control sobre dichos sitios y contenidos. En ning\u00fan caso asumir\u00e9 responsabilidad alguna por los contenidos de los sitios web ajenos enlazados, ni garantizar\u00e9 la disponibilidad t\u00e9cnica, calidad, fiabilidad, exactitud, amplitud, veracidad, legalidad o validez de cualquier material o informaci\u00f3n contenida en ninguno de dichos hiperv\u00ednculos u otros sitios de Internet. En este sentido, si los USUARIOS tuvieran conocimiento efectivo de la ilicitud de actividades desarrolladas a trav\u00e9s de estas p\u00e1ginas web de terceros enlazadas, deber\u00e1n comunic\u00e1rmelo inmediatamente a los efectos de que proceda a deshabilitar el enlace de acceso a las mismas.<\/p>\n<p>7.2.- Igualmente, la inclusi\u00f3n de cualquier tipo de enlace por mi parte a otros sitios de Internet no implicar\u00e1 que exista ning\u00fan tipo de relaci\u00f3n, asociaci\u00f3n, colaboraci\u00f3n o dependencia entre m\u00ed y el titular del sitio web ajeno.<\/p>\n<h3>8. Derecho de exclusi\u00f3n<\/h3>\n<p>8.1.- Me reservo el derecho a denegar o retirar el acceso al SITIO WEB y\/o a los contenidos y servicios ofrecidos en el mismo, sin necesidad de preaviso, a aquellos USUARIOS que incumplan las presentes condiciones generales de uso o las particulares que pudieran establecerse<\/p>\n<h3>9. Generalidades<\/h3>\n<p>9.1.- En caso de existir discrepancia entre lo establecido en estas condiciones generales de uso y las condiciones generales de contrataci\u00f3n o las condiciones particulares que, en su caso, se establezcan para servicios espec\u00edficos, prevalecer\u00e1 lo dispuesto en las segundas.<\/p>\n<p>9.2.- Si cualquier disposici\u00f3n o contenido de este Aviso Legal fuera declarado nulo o inaplicable, en todo o en parte, mediante resoluci\u00f3n firme por un Juzgado o Tribunal competente, dicha nulidad o inaplicaci\u00f3n no afectar\u00e1 a las restantes disposiciones de las condiciones de uso, que conservar\u00e1n su validez a todos los efectos.<\/p>\n<p>9.3.- El no ejercicio o ejecuci\u00f3n por mi parte de cualquier derecho o disposici\u00f3n contenida en estas condiciones de uso no constituir\u00e1 una renuncia al mismo, salvo con mi reconocimiento y acuerdo formulado por escrito.<\/p>\n<p>9.4.- Podr\u00e9 modificar en todo o en parte y en cualquier momento las condiciones aqu\u00ed determinadas, y dichas modificaciones tendr\u00e1n vigencia desde el mismo momento de su publicaci\u00f3n en el SITIO WEB.<\/p>\n<h3>10. Ley aplicable y jurisdicci\u00f3n<\/h3>\n<p>10.1.- La ley aplicable en caso de disputa o conflicto de interpretaci\u00f3n de los t\u00e9rminos que conforman este Aviso Legal, as\u00ed como cualquier cuesti\u00f3n relacionada con los servicios del SITIO WEB, ser\u00e1 la ley espa\u00f1ola. Lo anterior no privar\u00e1 al USUARIO no residente en territorio espa\u00f1ol de la protecci\u00f3n conferida por las disposiciones imperativas de su pa\u00eds de residencia habitual.<\/p>\n<p>10.2.- Para la resoluci\u00f3n de cualquier conflicto que pudiera surgir con ocasi\u00f3n de la visita al SITIO WEB o del uso de los servicios que en \u00e9l se ofrecen, ambas partes acuerdan someterse a los Juzgados y Tribunales competentes del domicilio del USUARIO, siempre que el mismo act\u00fae como consumidor o usuario. En caso contrario, la sumisi\u00f3n ser\u00e1 a los Juzgados y Tribunales de la ciudad de Barcelona.<\/p>\n<p>\u00a0<\/p>\n<p><!-- \/wp:paragraph --><\/p>\t\t\t\t\t\t\t\t<\/div>\n\t\t\t\t<\/div>\n\t\t\t\t\t<\/div>\n\t\t\t\t<\/div>\n\t\t\t\t<\/div>\n\t\t","protected":false},"excerpt":{"rendered":"<p>AVISO LEGAL 1. Informaci\u00f3n legal En cumplimiento del deber de informaci\u00f3n establecido en el art\u00edculo 10 de la Ley 34\/2002, [&hellip;]<\/p>\n","protected":false},"author":1,"featured_media":0,"parent":0,"menu_order":0,"comment_status":"closed","ping_status":"closed","template":"elementor_header_footer","meta":{"_eb_attr":"","_eb_data_table":"","site-sidebar-layout":"default","site-content-layout":"","ast-site-content-layout":"","site-content-style":"default","site-sidebar-style":"default","ast-global-header-display":"","ast-banner-title-visibility":"","ast-main-header-display":"","ast-hfb-above-header-display":"","ast-hfb-below-header-display":"","ast-hfb-mobile-header-display":"","site-post-title":"","ast-breadcrumbs-content":"","ast-featured-img":"","footer-sml-layout":"","theme-transparent-header-meta":"","adv-header-id-meta":"","stick-header-meta":"","header-above-stick-meta":"","header-main-stick-meta":"","header-below-stick-meta":"","astra-migrate-meta-layouts":"default","ast-page-background-enabled":"default","ast-page-background-meta":{"desktop":{"background-color":"var(--ast-global-color-5)","background-image":"","background-repeat":"repeat","background-position":"center center","background-size":"auto","background-attachment":"scroll","background-type":"","background-media":"","overlay-type":"","overlay-color":"","overlay-opacity":"","overlay-gradient":""},"tablet":{"background-color":"","background-image":"","background-repeat":"repeat","background-position":"center center","background-size":"auto","background-attachment":"scroll","background-type":"","background-media":"","overlay-type":"","overlay-color":"","overlay-opacity":"","overlay-gradient":""},"mobile":{"background-color":"","background-image":"","background-repeat":"repeat","background-position":"center center","background-size":"auto","background-attachment":"scroll","background-type":"","background-media":"","overlay-type":"","overlay-color":"","overlay-opacity":"","overlay-gradient":""}},"ast-content-background-meta":{"desktop":{"background-color":"var(--ast-global-color-4)","background-image":"","background-repeat":"repeat","background-position":"center center","background-size":"auto","background-attachment":"scroll","background-type":"","background-media":"","overlay-type":"","overlay-color":"","overlay-opacity":"","overlay-gradient":""},"tablet":{"background-color":"var(--ast-global-color-4)","background-image":"","background-repeat":"repeat","background-position":"center center","background-size":"auto","background-attachment":"scroll","background-type":"","background-media":"","overlay-type":"","overlay-color":"","overlay-opacity":"","overlay-gradient":""},"mobile":{"background-color":"var(--ast-global-color-4)","background-image":"","background-repeat":"repeat","background-position":"center center","background-size":"auto","background-attachment":"scroll","background-type":"","background-media":"","overlay-type":"","overlay-color":"","overlay-opacity":"","overlay-gradient":""}},"_glsr_average":0,"_glsr_ranking":0,"_glsr_reviews":0,"_joinchat":[],"footnotes":""},"class_list":["post-1329","page","type-page","status-publish","hentry"],"_links":{"self":[{"href":"https:\/\/rosainglada.com\/index.php\/wp-json\/wp\/v2\/pages\/1329","targetHints":{"allow":["GET"]}}],"collection":[{"href":"https:\/\/rosainglada.com\/index.php\/wp-json\/wp\/v2\/pages"}],"about":[{"href":"https:\/\/rosainglada.com\/index.php\/wp-json\/wp\/v2\/types\/page"}],"author":[{"embeddable":true,"href":"https:\/\/rosainglada.com\/index.php\/wp-json\/wp\/v2\/users\/1"}],"replies":[{"embeddable":true,"href":"https:\/\/rosainglada.com\/index.php\/wp-json\/wp\/v2\/comments?post=1329"}],"version-history":[{"count":7,"href":"https:\/\/rosainglada.com\/index.php\/wp-json\/wp\/v2\/pages\/1329\/revisions"}],"predecessor-version":[{"id":1336,"href":"https:\/\/rosainglada.com\/index.php\/wp-json\/wp\/v2\/pages\/1329\/revisions\/1336"}],"wp:attachment":[{"href":"https:\/\/rosainglada.com\/index.php\/wp-json\/wp\/v2\/media?parent=1329"}],"curies":[{"name":"wp","href":"https:\/\/api.w.org\/{rel}","templated":true}]}}